{"id":220,"date":"2017-04-27T13:37:59","date_gmt":"2017-04-27T13:37:59","guid":{"rendered":"https:\/\/staging.rsabm.ca\/?page_id=220\/"},"modified":"2026-01-23T17:54:30","modified_gmt":"2026-01-23T22:54:30","slug":"publications-and-links","status":"publish","type":"page","link":"https:\/\/rsabm.ca\/en\/publications-and-links\/","title":{"rendered":"Publications and Links"},"content":{"rendered":"\n\n\t\t\t<a href=\"https:\/\/rsabm.ca\/en\/help-us\/\" target=\"_self\" rel=\"noopener\">\n\t\t\t\t\t\t\tDonate\n\t\t\t\t\t<\/a>\n<h1>\n\t\tPublications and Useful Links\n\t<\/h1>\n<h2>\n\t\tPublications\n\t<\/h2>\n<h4>\n\t\tCaregiver resources\n\t<\/h4>\n\t<p><a href=\"https:\/\/rsabm.ca\/wp-content\/uploads\/2023\/04\/Liste_ressources-_PA_MGC_mars_23.pdf\" target=\"_blank\" rel=\"noopener\">List of resources for caregivers<\/a><\/p>\n<p><a href=\"https:\/\/rsabm.ca\/wp-content\/uploads\/2023\/06\/Rapport_Bientraitance_23_mars_2023.pdf\" target=\"_blank\" rel=\"noopener\">Rapport Bientraitance des proches aidants dans Brome-Missisquoi<\/a> (in French only)<\/p>\n<p><a href=\"https:\/\/rsabm.ca\/wp-content\/uploads\/2023\/09\/Fondation_Proches_Aimants-Petro_Canada-2022.pdf\" target=\"_blank\" rel=\"noopener\">Rapport Fondation Proches aimants P\u00e9tro-Canada<\/a> (in French only)<\/p>\n<h4>\n\t\tHelping Hands Journal\n\t<\/h4>\n\t<p><a href=\"https:\/\/rsabm.ca\/wp-content\/uploads\/2021\/08\/Journal-Entraidant-anglais-avril-septembre-2021.pdf\" target=\"_blank\" rel=\"noopener\">Helping Hands Journal &#8211; April to September 2021<\/a><\/p>\n<p><a href=\"https:\/\/rsabm.ca\/wp-content\/uploads\/2020\/12\/Journal_Helping_Hands-Fall_2020.pdf\" target=\"_blank\" rel=\"noopener\">Helping Hands Journal &#8211; Fall 2020<\/a><\/p>\n<h4>\n\t\tOther reports (in French only)\n\t<\/h4>\n\t<p><a href=\"https:\/\/rsabm.ca\/wp-content\/uploads\/2024\/10\/Rapport-d_activites-2023-2024.pdf\" target=\"_blank\" rel=\"noopener\">Rapport d&#8217;activit\u00e9s 2023-2024<\/a><\/p>\n<p><a href=\"https:\/\/rsabm.ca\/wp-content\/uploads\/2023\/06\/Rapport_d_activites_2022-2023-RSABM-24_mai_2023.pdf\" target=\"_blank\" rel=\"noopener\">Rapport d&#8217;activit\u00e9s 2022-2023<\/a><\/p>\n<p><a href=\"https:\/\/rsabm.ca\/wp-content\/uploads\/2022\/10\/Rapport-dactivites-2021-2022-RSABM.pdf\" target=\"_blank\" rel=\"noopener\">Rapport d&#8217;activit\u00e9s 2021-2022<\/a><\/p>\n<p><a href=\"https:\/\/rsabm.ca\/wp-content\/uploads\/2021\/08\/Rapport-annuel-2020-2021-11.5.2021.pdf\" target=\"_blank\" rel=\"noopener\">Rapport d&#8217;activit\u00e9s 2020-2021<\/a><\/p>\n<p><a href=\"https:\/\/rsabm.ca\/wp-content\/uploads\/2020\/12\/Rapport_d_activites_2019-2020.pdf\" target=\"_blank\" rel=\"noreferrer noopener\">Rapport d&#8217;activit\u00e9s 2019-2020<\/a><\/p>\n<p><a href=\"https:\/\/rsabm.ca\/wp-content\/uploads\/2019\/10\/Rapport_annuel_2018_2019.pdf\">Rapport d&#8217;activit\u00e9s 2018-2019<\/a><\/p>\n<p><a href=\"https:\/\/rsabm.ca\/wp-content\/uploads\/2018\/05\/Rapport_annuel_2017_2018.pdf\" target=\"_blank\" rel=\"noopener noreferrer\">Rapport d&#8217;activit\u00e9s 2017-2018<\/a><\/p>\n<p><a href=\"https:\/\/rsabm.ca\/wp-content\/uploads\/2017\/06\/Rapport_d_activite_annuel-2016-2017_final.pdf\" target=\"_blank\" rel=\"noopener noreferrer\">Rapport d&#8217;activit\u00e9s 2016-2017<\/a><\/p>\n<h2>\n\t\tUseful Links\n\t<\/h2>\n\t<p><a href=\"https:\/\/www.fondationmaisongillescarle.org\/fr\/\">Fondation Maison Gilles-Carle<\/a> (in French only)<\/p>\n<p><a href=\"https:\/\/www.lappui.org\/en\">L&#8217;Appui pour les proches aidants<\/a><\/p>\n<p><a href=\"https:\/\/procheaidance.quebec\/\">Proche aidance Qu\u00e9bec<\/a> (in French only)<\/p>\n<p><a href=\"https:\/\/www.revenuquebec.ca\/en\/citizens\/tax-credits\/tax-credit-for-caregivers\/\" target=\"_blank\" rel=\"noopener noreferrer\">Revenu Qu\u00e9bec &#8211; Tax Credit for Caregivers<\/a><\/p>\n<p><a href=\"http:\/\/www.cra-arc.gc.ca\/tx\/ndvdls\/tpcs\/ncm-tx\/rtrn\/cmpltng\/ddctns\/lns300-350\/315\/menu-eng.html\" target=\"_blank\" rel=\"noopener noreferrer\">Canada Revenue Agency<\/a><\/p>\n<p><a href=\"https:\/\/www.revenuquebec.ca\/en\/\" target=\"_blank\" rel=\"noopener noreferrer\">Revenu Qu\u00e9bec &#8211; Programs and Credits<\/a><\/p>\n<p><a href=\"http:\/\/www2.publicationsduquebec.gouv.qc.ca\/dynamicSearch\/telecharge.php?type=5&amp;file=2020C22F.PDF\">Loi visant \u00e0 reconna\u00eetre et \u00e0 soutenir les personnes proches aidantes et modifiant diverses dispositions l\u00e9gislatives<\/a> (in French only)<\/p>\n<p><a href=\"https:\/\/www.lebelage.ca\/\" target=\"_blank\" rel=\"noopener noreferrer\">Le Bel \u00c2ge (magazine for seniors) <\/a>(in French only)<\/p>\n<p><a href=\"http:\/\/mrcbm.qc.ca\/en\/\" target=\"_blank\" rel=\"noopener noreferrer\">MRC Brome-Missisquoi<\/a><\/p>\n<p><a href=\"http:\/\/www.aidantsnaturels.org\/\" target=\"_blank\" rel=\"noopener noreferrer\">Roman<\/a>\u00a0(in French only)<\/p>\n<p><a href=\"https:\/\/www.santeestrie.qc.ca\/en\/home\/\" target=\"_blank\" rel=\"noopener noreferrer\">CIUSSS de l&#8217;Estrie-CHUS<\/a><\/p>\n<p><a href=\"http:\/\/aphpbm.org\/portail.html\" target=\"_blank\" rel=\"noopener noreferrer\">Association des personnes handicap\u00e9es physiques de Cowansville et r\u00e9gion<\/a> (in French only)<\/p>\n<p><a href=\"http:\/\/www.cdcbm.org\/\" target=\"_blank\" rel=\"noopener noreferrer\">La Corporation de d\u00e9veloppement communautaire de Brome-Missisquoi<\/a> (in French only)<\/p>\n<p><a href=\"https:\/\/townshippers.org\/\">Townshippers&#8217; Association<\/a><\/p>\n<p><a href=\"https:\/\/www.alzheimergranby.ca\/en-ca\/\">Soci\u00e9t\u00e9 Alzheimer Granby et r\u00e9gion<\/a><\/p>\n<p>&nbsp;<\/p>\n\n","protected":false},"excerpt":{"rendered":"<p>Donate Publications and Useful Links Publications Caregiver resources List of resources for caregivers Rapport Bientraitance des proches aidants dans Brome-Missisquoi (in French only) Rapport Fondation Proches aimants P\u00e9tro-Canada (in French only) Helping Hands Journal Helping Hands Journal &#8211; April to September 2021 Helping Hands Journal &#8211; Fall 2020 Other reports (in French only) Rapport d&#8217;activit\u00e9s&hellip;<\/p>\n","protected":false},"author":5,"featured_media":0,"parent":0,"menu_order":30,"comment_status":"closed","ping_status":"closed","template":"","meta":{"footnotes":""},"class_list":["post-220","page","type-page","status-publish","hentry"],"yoast_head":"<!-- This site is optimized with the Yoast SEO plugin v27.4 - https:\/\/yoast.com\/product\/yoast-seo-wordpress\/ -->\n<title>Publications and Links - Regroupement Soutien aux Aidants de Brome-Missisquoi<\/title>\n<meta name=\"robots\" content=\"index, follow, max-snippet:-1, max-image-preview:large, max-video-preview:-1\" \/>\n<link rel=\"canonical\" href=\"https:\/\/rsabm.ca\/en\/publications-and-links\/\" \/>\n<meta property=\"og:locale\" content=\"en_US\" \/>\n<meta property=\"og:type\" content=\"article\" \/>\n<meta property=\"og:title\" content=\"Publications and Links - Regroupement Soutien aux Aidants de Brome-Missisquoi\" \/>\n<meta property=\"og:description\" content=\"Donate Publications and Useful Links Publications Caregiver resources List of resources for caregivers Rapport Bientraitance des proches aidants dans Brome-Missisquoi (in French only) Rapport Fondation Proches aimants P\u00e9tro-Canada (in French only) Helping Hands Journal Helping Hands Journal &#8211; April to September 2021 Helping Hands Journal &#8211; Fall 2020 Other reports (in French only) Rapport d&#8217;activit\u00e9s&hellip;\" \/>\n<meta property=\"og:url\" content=\"https:\/\/rsabm.ca\/en\/publications-and-links\/\" \/>\n<meta property=\"og:site_name\" content=\"Regroupement Soutien aux Aidants de Brome-Missisquoi\" \/>\n<meta property=\"article:publisher\" content=\"https:\/\/www.facebook.com\/MaisonGillesCarleBM\" \/>\n<meta property=\"article:modified_time\" content=\"2026-01-23T22:54:30+00:00\" \/>\n<meta property=\"og:image\" content=\"https:\/\/rsabm.ca\/wp-content\/uploads\/2023\/08\/logo-RSABM-FB.jpg\" \/>\n\t<meta property=\"og:image:width\" content=\"1200\" \/>\n\t<meta property=\"og:image:height\" content=\"630\" \/>\n\t<meta property=\"og:image:type\" content=\"image\/jpeg\" \/>\n<meta name=\"twitter:card\" content=\"summary_large_image\" \/>\n<meta name=\"twitter:label1\" content=\"Est. reading time\" \/>\n\t<meta name=\"twitter:data1\" content=\"1 minute\" \/>\n<script type=\"application\/ld+json\" class=\"yoast-schema-graph\">{\"@context\":\"https:\\\/\\\/schema.org\",\"@graph\":[{\"@type\":\"WebPage\",\"@id\":\"https:\\\/\\\/rsabm.ca\\\/en\\\/publications-and-links\\\/\",\"url\":\"https:\\\/\\\/rsabm.ca\\\/en\\\/publications-and-links\\\/\",\"name\":\"Publications and Links - Regroupement Soutien aux Aidants de Brome-Missisquoi\",\"isPartOf\":{\"@id\":\"https:\\\/\\\/rsabm.ca\\\/en\\\/#website\"},\"datePublished\":\"2017-04-27T13:37:59+00:00\",\"dateModified\":\"2026-01-23T22:54:30+00:00\",\"breadcrumb\":{\"@id\":\"https:\\\/\\\/rsabm.ca\\\/en\\\/publications-and-links\\\/#breadcrumb\"},\"inLanguage\":\"en-US\",\"potentialAction\":[{\"@type\":\"ReadAction\",\"target\":[\"https:\\\/\\\/rsabm.ca\\\/en\\\/publications-and-links\\\/\"]}]},{\"@type\":\"BreadcrumbList\",\"@id\":\"https:\\\/\\\/rsabm.ca\\\/en\\\/publications-and-links\\\/#breadcrumb\",\"itemListElement\":[{\"@type\":\"ListItem\",\"position\":1,\"name\":\"Accueil\",\"item\":\"https:\\\/\\\/rsabm.ca\\\/en\\\/\"},{\"@type\":\"ListItem\",\"position\":2,\"name\":\"Publications and Links\"}]},{\"@type\":\"WebSite\",\"@id\":\"https:\\\/\\\/rsabm.ca\\\/en\\\/#website\",\"url\":\"https:\\\/\\\/rsabm.ca\\\/en\\\/\",\"name\":\"Regroupement Soutien aux Aidants de Brome-Missisquoi\",\"description\":\"Maison Gilles-Carles de Brome-Missisquoi\",\"publisher\":{\"@id\":\"https:\\\/\\\/rsabm.ca\\\/en\\\/#organization\"},\"alternateName\":\"RSABM\",\"potentialAction\":[{\"@type\":\"SearchAction\",\"target\":{\"@type\":\"EntryPoint\",\"urlTemplate\":\"https:\\\/\\\/rsabm.ca\\\/en\\\/?s={search_term_string}\"},\"query-input\":{\"@type\":\"PropertyValueSpecification\",\"valueRequired\":true,\"valueName\":\"search_term_string\"}}],\"inLanguage\":\"en-US\"},{\"@type\":\"Organization\",\"@id\":\"https:\\\/\\\/rsabm.ca\\\/en\\\/#organization\",\"name\":\"Regroupement Soutien aux aidants de Brome-Missisquoi\",\"url\":\"https:\\\/\\\/rsabm.ca\\\/en\\\/\",\"logo\":{\"@type\":\"ImageObject\",\"inLanguage\":\"en-US\",\"@id\":\"https:\\\/\\\/rsabm.ca\\\/en\\\/#\\\/schema\\\/logo\\\/image\\\/\",\"url\":\"https:\\\/\\\/rsabm.ca\\\/wp-content\\\/uploads\\\/2021\\\/01\\\/logo269X98px.png\",\"contentUrl\":\"https:\\\/\\\/rsabm.ca\\\/wp-content\\\/uploads\\\/2021\\\/01\\\/logo269X98px.png\",\"width\":1047,\"height\":381,\"caption\":\"Regroupement Soutien aux aidants de Brome-Missisquoi\"},\"image\":{\"@id\":\"https:\\\/\\\/rsabm.ca\\\/en\\\/#\\\/schema\\\/logo\\\/image\\\/\"},\"sameAs\":[\"https:\\\/\\\/www.facebook.com\\\/MaisonGillesCarleBM\"]}]}<\/script>\n<!-- \/ Yoast SEO plugin. -->","yoast_head_json":{"title":"Publications and Links - Regroupement Soutien aux Aidants de Brome-Missisquoi","robots":{"index":"index","follow":"follow","max-snippet":"max-snippet:-1","max-image-preview":"max-image-preview:large","max-video-preview":"max-video-preview:-1"},"canonical":"https:\/\/rsabm.ca\/en\/publications-and-links\/","og_locale":"en_US","og_type":"article","og_title":"Publications and Links - Regroupement Soutien aux Aidants de Brome-Missisquoi","og_description":"Donate Publications and Useful Links Publications Caregiver resources List of resources for caregivers Rapport Bientraitance des proches aidants dans Brome-Missisquoi (in French only) Rapport Fondation Proches aimants P\u00e9tro-Canada (in French only) Helping Hands Journal Helping Hands Journal &#8211; April to September 2021 Helping Hands Journal &#8211; Fall 2020 Other reports (in French only) Rapport d&#8217;activit\u00e9s&hellip;","og_url":"https:\/\/rsabm.ca\/en\/publications-and-links\/","og_site_name":"Regroupement Soutien aux Aidants de Brome-Missisquoi","article_publisher":"https:\/\/www.facebook.com\/MaisonGillesCarleBM","article_modified_time":"2026-01-23T22:54:30+00:00","og_image":[{"width":1200,"height":630,"url":"https:\/\/rsabm.ca\/wp-content\/uploads\/2023\/08\/logo-RSABM-FB.jpg","type":"image\/jpeg"}],"twitter_card":"summary_large_image","twitter_misc":{"Est. reading time":"1 minute"},"schema":{"@context":"https:\/\/schema.org","@graph":[{"@type":"WebPage","@id":"https:\/\/rsabm.ca\/en\/publications-and-links\/","url":"https:\/\/rsabm.ca\/en\/publications-and-links\/","name":"Publications and Links - Regroupement Soutien aux Aidants de Brome-Missisquoi","isPartOf":{"@id":"https:\/\/rsabm.ca\/en\/#website"},"datePublished":"2017-04-27T13:37:59+00:00","dateModified":"2026-01-23T22:54:30+00:00","breadcrumb":{"@id":"https:\/\/rsabm.ca\/en\/publications-and-links\/#breadcrumb"},"inLanguage":"en-US","potentialAction":[{"@type":"ReadAction","target":["https:\/\/rsabm.ca\/en\/publications-and-links\/"]}]},{"@type":"BreadcrumbList","@id":"https:\/\/rsabm.ca\/en\/publications-and-links\/#breadcrumb","itemListElement":[{"@type":"ListItem","position":1,"name":"Accueil","item":"https:\/\/rsabm.ca\/en\/"},{"@type":"ListItem","position":2,"name":"Publications and Links"}]},{"@type":"WebSite","@id":"https:\/\/rsabm.ca\/en\/#website","url":"https:\/\/rsabm.ca\/en\/","name":"Regroupement Soutien aux Aidants de Brome-Missisquoi","description":"Maison Gilles-Carles de Brome-Missisquoi","publisher":{"@id":"https:\/\/rsabm.ca\/en\/#organization"},"alternateName":"RSABM","potentialAction":[{"@type":"SearchAction","target":{"@type":"EntryPoint","urlTemplate":"https:\/\/rsabm.ca\/en\/?s={search_term_string}"},"query-input":{"@type":"PropertyValueSpecification","valueRequired":true,"valueName":"search_term_string"}}],"inLanguage":"en-US"},{"@type":"Organization","@id":"https:\/\/rsabm.ca\/en\/#organization","name":"Regroupement Soutien aux aidants de Brome-Missisquoi","url":"https:\/\/rsabm.ca\/en\/","logo":{"@type":"ImageObject","inLanguage":"en-US","@id":"https:\/\/rsabm.ca\/en\/#\/schema\/logo\/image\/","url":"https:\/\/rsabm.ca\/wp-content\/uploads\/2021\/01\/logo269X98px.png","contentUrl":"https:\/\/rsabm.ca\/wp-content\/uploads\/2021\/01\/logo269X98px.png","width":1047,"height":381,"caption":"Regroupement Soutien aux aidants de Brome-Missisquoi"},"image":{"@id":"https:\/\/rsabm.ca\/en\/#\/schema\/logo\/image\/"},"sameAs":["https:\/\/www.facebook.com\/MaisonGillesCarleBM"]}]}},"_links":{"self":[{"href":"https:\/\/rsabm.ca\/en\/wp-json\/wp\/v2\/pages\/220","targetHints":{"allow":["GET"]}}],"collection":[{"href":"https:\/\/rsabm.ca\/en\/wp-json\/wp\/v2\/pages"}],"about":[{"href":"https:\/\/rsabm.ca\/en\/wp-json\/wp\/v2\/types\/page"}],"author":[{"embeddable":true,"href":"https:\/\/rsabm.ca\/en\/wp-json\/wp\/v2\/users\/5"}],"replies":[{"embeddable":true,"href":"https:\/\/rsabm.ca\/en\/wp-json\/wp\/v2\/comments?post=220"}],"version-history":[{"count":24,"href":"https:\/\/rsabm.ca\/en\/wp-json\/wp\/v2\/pages\/220\/revisions"}],"predecessor-version":[{"id":2212,"href":"https:\/\/rsabm.ca\/en\/wp-json\/wp\/v2\/pages\/220\/revisions\/2212"}],"wp:attachment":[{"href":"https:\/\/rsabm.ca\/en\/wp-json\/wp\/v2\/media?parent=220"}],"curies":[{"name":"wp","href":"https:\/\/api.w.org\/{rel}","templated":true}]}}