{"id":181,"date":"2017-04-26T21:53:35","date_gmt":"2017-04-26T21:53:35","guid":{"rendered":"https:\/\/staging.rsabm.ca\/?page_id=181"},"modified":"2026-04-15T08:39:58","modified_gmt":"2026-04-15T12:39:58","slug":"home","status":"publish","type":"page","link":"https:\/\/rsabm.ca\/en\/","title":{"rendered":"Homepage"},"content":{"rendered":"\n<h1>\n\t\t\tSo caregivers can take care of themselves.\t<\/h1>\n\t\t\t<a href=\"https:\/\/rsabm.ca\/en\/help-us\/\"  target=\"_self\">\n\t\t\t\t\t\t\tDonate\n\t\t\t\t\t<\/a>\n<figure itemscope itemtype=\"https:\/\/schema.org\/ImageObject\">\n\t\t\t\t<img decoding=\"async\" src=\"https:\/\/rsabm.ca\/wp-content\/uploads\/2021\/08\/MGCBM.jpg\" alt=\"MGCBM\" height=\"612\" width=\"1200\" title=\"MGCBM\" onerror=\"this.style.display='none'\" loading=\"lazy\" \/>\n\t<\/figure>\n\t\t<iframe loading=\"lazy\" title=\"Regroupement Soutien aux Aidants Brome-Missisquoi - Maison Gilles-Carle\" width=\"500\" height=\"281\" src=\"https:\/\/www.youtube.com\/embed\/nkOIuLdJoMI?feature=oembed\" frameborder=\"0\" allow=\"accelerometer; autoplay; clipboard-write; encrypted-media; gyroscope; picture-in-picture; web-share\" referrerpolicy=\"strict-origin-when-cross-origin\" allowfullscreen><\/iframe>\t\n<figure itemscope itemtype=\"https:\/\/schema.org\/ImageObject\">\n\t\t\t\t<img decoding=\"async\" src=\"https:\/\/rsabm.ca\/wp-content\/uploads\/2021\/08\/1P8A7611-1024x683.jpg\" alt=\"Mission\" height=\"683\" width=\"1024\" title=\"Mission\" onerror=\"this.style.display='none'\" loading=\"lazy\" \/>\n\t<\/figure>\n<h3>\n\t\t\t Our mission\t<\/h3>\n\t<p>The mission of the Brome-Missisquoi Caregiver Support Group (BMCSG) \/ Maison Gilles-Carle is to prevent and relieve caregiver fatigue. To accomplish this, we offer support and respite services to caregivers taking care of a loved one with a temporary or permanent incapacity due to illness, a disability or advanced aged.<\/p>\n\t\t\t<a href=\"https:\/\/rsabm.ca\/en\/bmcsg\/\"  target=\"_self\">\n\t\t\t\t\t\t\t<b>Read more<\/b>\n\t\t\t\t\t<\/a>\n<h3>\n\t\t\tOur services\t<\/h3>\n\t<p>The BMCSG&#8217;s team of professionals offer individual and group psychosocial support to caregivers. Day respite, evening respite and overnight respite services are also available at the Maison Gilles-Carle Brome-Missisquoi in a family, friendly and safe atmosphere.<\/p>\n\t\t\t<a href=\"https:\/\/rsabm.ca\/en\/bmcsg\/services\/\"  target=\"_self\">\n\t\t\t\t\t\t\t<b>Read more<\/b>\n\t\t\t\t\t<\/a>\n<h2>\n\t\t\tLatest News\t<\/h2>\n\t\t\t<a href=\"https:\/\/rsabm.ca\/en\/news\/\"  target=\"_self\">\n\t\t\t\t\t\t\t<b>More news<\/b>\n\t\t\t\t\t<\/a>\n<figure itemscope itemtype=\"https:\/\/schema.org\/ImageObject\">\n\t\t\t\t<a href=\"https:\/\/www.quebec.ca\/famille-et-soutien-aux-personnes\/personnes-agees\/aide-financiere-organismes\/action-aines\"  target=\"_blank\" rel=\"noopener\"  itemprop=\"url\">\n\t\t\t\t<img decoding=\"async\" src=\"https:\/\/rsabm.ca\/wp-content\/uploads\/2023\/04\/Quebec.png\" alt=\"Quebec\" height=\"123\" width=\"409\" title=\"Quebec\" onerror=\"this.style.display='none'\" loading=\"lazy\" \/>\n\t\t\t\t<\/a>\n\t<\/figure>\n<figure itemscope itemtype=\"https:\/\/schema.org\/ImageObject\">\n\t\t\t\t<a href=\"https:\/\/www.santeestrie.qc.ca\/accueil\/\"  target=\"_blank\" rel=\"noopener\"  itemprop=\"url\">\n\t\t\t\t<img decoding=\"async\" src=\"https:\/\/rsabm.ca\/wp-content\/uploads\/2021\/08\/CIUSSS-Estrie.png\" alt=\"CIUSSS-Estrie-CHUS\" height=\"200\" width=\"410\" title=\"CIUSSS-Estrie-CHUS\" onerror=\"this.style.display='none'\" loading=\"lazy\" \/>\n\t\t\t\t<\/a>\n\t<\/figure>\n<figure itemscope itemtype=\"https:\/\/schema.org\/ImageObject\">\n\t\t\t\t<a href=\"https:\/\/www.lappui.org\/\"  target=\"_blank\" rel=\"noopener\"  itemprop=\"url\">\n\t\t\t\t<img decoding=\"async\" src=\"https:\/\/rsabm.ca\/wp-content\/uploads\/2023\/04\/Geriatrie-sociale_transparant.png\" alt=\"Geriatrie sociale_transparant\" height=\"500\" width=\"500\" title=\"Geriatrie sociale_transparant\" onerror=\"this.style.display='none'\" loading=\"lazy\" \/>\n\t\t\t\t<\/a>\n\t<\/figure>\n<figure itemscope itemtype=\"https:\/\/schema.org\/ImageObject\">\n\t\t\t\t<a href=\"https:\/\/www.cowansville.ca\/\"  target=\"_blank\" rel=\"noopener\"  itemprop=\"url\">\n\t\t\t\t<img decoding=\"async\" src=\"https:\/\/rsabm.ca\/wp-content\/uploads\/2017\/04\/Logo-Ville-Cowansville.png\" alt=\"Ville de Cowansville\" height=\"94\" width=\"307\" title=\"Ville de Cowansville\" onerror=\"this.style.display='none'\" loading=\"lazy\" \/>\n\t\t\t\t<\/a>\n\t<\/figure>\n<figure itemscope itemtype=\"https:\/\/schema.org\/ImageObject\">\n\t\t\t\t<a href=\"https:\/\/www.desjardins.com\/votre-caisse\/index.jsp?transit=81590027\"  target=\"_blank\" rel=\"noopener\"  itemprop=\"url\">\n\t\t\t\t<img decoding=\"async\" src=\"https:\/\/rsabm.ca\/wp-content\/uploads\/2023\/04\/Desjardins_transparent.png\" alt=\"Desjardins_transparent\" height=\"500\" width=\"500\" title=\"Desjardins_transparent\" onerror=\"this.style.display='none'\" loading=\"lazy\" \/>\n\t\t\t\t<\/a>\n\t<\/figure>\n<figure itemscope itemtype=\"https:\/\/schema.org\/ImageObject\">\n\t\t\t\t<a href=\"https:\/\/fondation.fmsq.org\/\"  target=\"_blank\" rel=\"noopener\"  itemprop=\"url\">\n\t\t\t\t<img decoding=\"async\" src=\"https:\/\/rsabm.ca\/wp-content\/uploads\/2017\/04\/fondation_fmsq.png\" alt=\"Fondation de la f\u00e9d\u00e9ration des m\u00e9decins sp\u00e9cialistes du Qu\u00e9bec\" height=\"70\" width=\"444\" title=\"Fondation de la f\u00e9d\u00e9ration des m\u00e9decins sp\u00e9cialistes du Qu\u00e9bec\" onerror=\"this.style.display='none'\" loading=\"lazy\" \/>\n\t\t\t\t<\/a>\n\t<\/figure>\n<figure itemscope itemtype=\"https:\/\/schema.org\/ImageObject\">\n\t\t\t\t<a href=\"http:\/\/fondationhesse.com\/\"  target=\"_blank\" rel=\"noopener\"  itemprop=\"url\">\n\t\t\t\t<img decoding=\"async\" src=\"https:\/\/rsabm.ca\/wp-content\/uploads\/2021\/08\/FondationSibyllaHesse.png\" alt=\"FondationSibyllaHesse\" height=\"110\" width=\"512\" title=\"FondationSibyllaHesse\" onerror=\"this.style.display='none'\" loading=\"lazy\" \/>\n\t\t\t\t<\/a>\n\t<\/figure>\n<figure itemscope itemtype=\"https:\/\/schema.org\/ImageObject\">\n\t\t\t\t<a href=\"https:\/\/www.stromspa.com\/fondation-strom\/\"  target=\"_blank\" rel=\"noopener\"  itemprop=\"url\">\n\t\t\t\t<img decoding=\"async\" src=\"https:\/\/rsabm.ca\/wp-content\/uploads\/2023\/04\/Fondation-aidants-naturel-fr_web.jpg\" alt=\"Fondation-aidants-naturel-fr_web\" height=\"1667\" width=\"2500\" title=\"Fondation-aidants-naturel-fr_web\" onerror=\"this.style.display='none'\" loading=\"lazy\" \/>\n\t\t\t\t<\/a>\n\t<\/figure>\n<figure itemscope itemtype=\"https:\/\/schema.org\/ImageObject\">\n\t\t\t\t<a href=\"https:\/\/sos-depannage.org\/\"  target=\"_blank\" rel=\"noopener\"  itemprop=\"url\">\n\t\t\t\t<img decoding=\"async\" src=\"https:\/\/rsabm.ca\/wp-content\/uploads\/2023\/04\/SOSdepannageMoissonGranby.png\" alt=\"SOSdepannageMoissonGranby\" height=\"197\" width=\"255\" title=\"SOSdepannageMoissonGranby\" onerror=\"this.style.display='none'\" loading=\"lazy\" \/>\n\t\t\t\t<\/a>\n\t<\/figure>\n<figure itemscope itemtype=\"https:\/\/schema.org\/ImageObject\">\n\t\t\t\t<img decoding=\"async\" src=\"https:\/\/rsabm.ca\/wp-content\/uploads\/2023\/10\/RONA.png\" alt=\"RONA\" height=\"80\" width=\"161\" title=\"RONA\" onerror=\"this.style.display='none'\" loading=\"lazy\" \/>\n\t<\/figure>\n<figure itemscope itemtype=\"https:\/\/schema.org\/ImageObject\">\n\t\t\t\t<img decoding=\"async\" src=\"https:\/\/rsabm.ca\/wp-content\/uploads\/2023\/04\/JOURNAL_LE_GUIDE_LOGO.jpg\" alt=\"JOURNAL_LE_GUIDE_LOGO\" height=\"128\" width=\"406\" title=\"JOURNAL_LE_GUIDE_LOGO\" onerror=\"this.style.display='none'\" loading=\"lazy\" \/>\n\t<\/figure>\n<figure itemscope itemtype=\"https:\/\/schema.org\/ImageObject\">\n\t\t\t\t<a href=\"https:\/\/www.assnat.qc.ca\/fr\/deputes\/charest-isabelle-17845\/coordonnees.html\"  target=\"_blank\" rel=\"noopener\"  itemprop=\"url\">\n\t\t\t\t<img decoding=\"async\" src=\"https:\/\/rsabm.ca\/wp-content\/uploads\/2023\/04\/Isabelle_Charest-Deputee_BM.png\" alt=\"Isabelle_Charest-Deputee_BM\" height=\"177\" width=\"200\" title=\"Isabelle_Charest-Deputee_BM\" onerror=\"this.style.display='none'\" loading=\"lazy\" \/>\n\t\t\t\t<\/a>\n\t<\/figure>\n\n","protected":false},"excerpt":{"rendered":"<p>So caregivers can take care of themselves. Donate Our mission The mission of the Brome-Missisquoi Caregiver Support Group (BMCSG) \/ Maison Gilles-Carle is to prevent and relieve caregiver fatigue. To accomplish this, we offer support and respite services to caregivers taking care of a loved one with a temporary or permanent incapacity due to illness,&hellip;<\/p>\n","protected":false},"author":5,"featured_media":0,"parent":0,"menu_order":0,"comment_status":"closed","ping_status":"closed","template":"","meta":{"footnotes":""},"class_list":["post-181","page","type-page","status-publish","hentry"],"yoast_head":"<!-- This site is optimized with the Yoast SEO plugin v27.4 - https:\/\/yoast.com\/product\/yoast-seo-wordpress\/ -->\n<title>Brome-Missisquoi Caregiver Support Group<\/title>\n<meta name=\"description\" content=\"We are a not-for-profit organization that provides services to caregivers caring for a close adult with a temporary or permanent disability.\" \/>\n<meta name=\"robots\" content=\"index, follow, max-snippet:-1, max-image-preview:large, max-video-preview:-1\" \/>\n<link rel=\"canonical\" href=\"https:\/\/rsabm.ca\/en\/\" \/>\n<meta property=\"og:locale\" content=\"en_US\" \/>\n<meta property=\"og:type\" content=\"article\" \/>\n<meta property=\"og:title\" content=\"Brome-Missisquoi Caregiver Support Group\" \/>\n<meta property=\"og:description\" content=\"We are a not-for-profit organization that provides services to caregivers caring for a close adult with a temporary or permanent disability.\" \/>\n<meta property=\"og:url\" content=\"https:\/\/rsabm.ca\/en\/\" \/>\n<meta property=\"og:site_name\" content=\"Regroupement Soutien aux Aidants de Brome-Missisquoi\" \/>\n<meta property=\"article:publisher\" content=\"https:\/\/www.facebook.com\/MaisonGillesCarleBM\" \/>\n<meta property=\"article:modified_time\" content=\"2026-04-15T12:39:58+00:00\" \/>\n<meta property=\"og:image\" content=\"https:\/\/rsabm.ca\/wp-content\/uploads\/2023\/08\/logo-RSABM-FB.jpg\" \/>\n\t<meta property=\"og:image:width\" content=\"1200\" \/>\n\t<meta property=\"og:image:height\" content=\"630\" \/>\n\t<meta property=\"og:image:type\" content=\"image\/jpeg\" \/>\n<meta name=\"twitter:card\" content=\"summary_large_image\" \/>\n<meta name=\"twitter:label1\" content=\"Est. reading time\" \/>\n\t<meta name=\"twitter:data1\" content=\"5 minutes\" \/>\n<script type=\"application\/ld+json\" class=\"yoast-schema-graph\">{\"@context\":\"https:\\\/\\\/schema.org\",\"@graph\":[{\"@type\":\"WebPage\",\"@id\":\"https:\\\/\\\/rsabm.ca\\\/en\\\/\",\"url\":\"https:\\\/\\\/rsabm.ca\\\/en\\\/\",\"name\":\"Brome-Missisquoi Caregiver Support Group\",\"isPartOf\":{\"@id\":\"https:\\\/\\\/rsabm.ca\\\/en\\\/#website\"},\"primaryImageOfPage\":{\"@id\":\"https:\\\/\\\/rsabm.ca\\\/en\\\/#primaryimage\"},\"image\":{\"@id\":\"https:\\\/\\\/rsabm.ca\\\/en\\\/#primaryimage\"},\"thumbnailUrl\":\"https:\\\/\\\/rsabm.ca\\\/wp-content\\\/uploads\\\/2021\\\/08\\\/MGCBM.jpg\",\"datePublished\":\"2017-04-26T21:53:35+00:00\",\"dateModified\":\"2026-04-15T12:39:58+00:00\",\"description\":\"We are a not-for-profit organization that provides services to caregivers caring for a close adult with a temporary or permanent disability.\",\"breadcrumb\":{\"@id\":\"https:\\\/\\\/rsabm.ca\\\/en\\\/#breadcrumb\"},\"inLanguage\":\"en-US\",\"potentialAction\":[{\"@type\":\"ReadAction\",\"target\":[\"https:\\\/\\\/rsabm.ca\\\/en\\\/\"]}]},{\"@type\":\"ImageObject\",\"inLanguage\":\"en-US\",\"@id\":\"https:\\\/\\\/rsabm.ca\\\/en\\\/#primaryimage\",\"url\":\"https:\\\/\\\/rsabm.ca\\\/wp-content\\\/uploads\\\/2021\\\/08\\\/MGCBM.jpg\",\"contentUrl\":\"https:\\\/\\\/rsabm.ca\\\/wp-content\\\/uploads\\\/2021\\\/08\\\/MGCBM.jpg\"},{\"@type\":\"BreadcrumbList\",\"@id\":\"https:\\\/\\\/rsabm.ca\\\/en\\\/#breadcrumb\",\"itemListElement\":[{\"@type\":\"ListItem\",\"position\":1,\"name\":\"Accueil\",\"item\":\"https:\\\/\\\/rsabm.ca\\\/en\\\/\"},{\"@type\":\"ListItem\",\"position\":2,\"name\":\"Homepage\"}]},{\"@type\":\"WebSite\",\"@id\":\"https:\\\/\\\/rsabm.ca\\\/en\\\/#website\",\"url\":\"https:\\\/\\\/rsabm.ca\\\/en\\\/\",\"name\":\"Regroupement Soutien aux Aidants de Brome-Missisquoi\",\"description\":\"Maison Gilles-Carles de Brome-Missisquoi\",\"publisher\":{\"@id\":\"https:\\\/\\\/rsabm.ca\\\/en\\\/#organization\"},\"alternateName\":\"RSABM\",\"potentialAction\":[{\"@type\":\"SearchAction\",\"target\":{\"@type\":\"EntryPoint\",\"urlTemplate\":\"https:\\\/\\\/rsabm.ca\\\/en\\\/?s={search_term_string}\"},\"query-input\":{\"@type\":\"PropertyValueSpecification\",\"valueRequired\":true,\"valueName\":\"search_term_string\"}}],\"inLanguage\":\"en-US\"},{\"@type\":\"Organization\",\"@id\":\"https:\\\/\\\/rsabm.ca\\\/en\\\/#organization\",\"name\":\"Regroupement Soutien aux aidants de Brome-Missisquoi\",\"url\":\"https:\\\/\\\/rsabm.ca\\\/en\\\/\",\"logo\":{\"@type\":\"ImageObject\",\"inLanguage\":\"en-US\",\"@id\":\"https:\\\/\\\/rsabm.ca\\\/en\\\/#\\\/schema\\\/logo\\\/image\\\/\",\"url\":\"https:\\\/\\\/rsabm.ca\\\/wp-content\\\/uploads\\\/2021\\\/01\\\/logo269X98px.png\",\"contentUrl\":\"https:\\\/\\\/rsabm.ca\\\/wp-content\\\/uploads\\\/2021\\\/01\\\/logo269X98px.png\",\"width\":1047,\"height\":381,\"caption\":\"Regroupement Soutien aux aidants de Brome-Missisquoi\"},\"image\":{\"@id\":\"https:\\\/\\\/rsabm.ca\\\/en\\\/#\\\/schema\\\/logo\\\/image\\\/\"},\"sameAs\":[\"https:\\\/\\\/www.facebook.com\\\/MaisonGillesCarleBM\"]}]}<\/script>\n<!-- \/ Yoast SEO plugin. -->","yoast_head_json":{"title":"Brome-Missisquoi Caregiver Support Group","description":"We are a not-for-profit organization that provides services to caregivers caring for a close adult with a temporary or permanent disability.","robots":{"index":"index","follow":"follow","max-snippet":"max-snippet:-1","max-image-preview":"max-image-preview:large","max-video-preview":"max-video-preview:-1"},"canonical":"https:\/\/rsabm.ca\/en\/","og_locale":"en_US","og_type":"article","og_title":"Brome-Missisquoi Caregiver Support Group","og_description":"We are a not-for-profit organization that provides services to caregivers caring for a close adult with a temporary or permanent disability.","og_url":"https:\/\/rsabm.ca\/en\/","og_site_name":"Regroupement Soutien aux Aidants de Brome-Missisquoi","article_publisher":"https:\/\/www.facebook.com\/MaisonGillesCarleBM","article_modified_time":"2026-04-15T12:39:58+00:00","og_image":[{"width":1200,"height":630,"url":"https:\/\/rsabm.ca\/wp-content\/uploads\/2023\/08\/logo-RSABM-FB.jpg","type":"image\/jpeg"}],"twitter_card":"summary_large_image","twitter_misc":{"Est. reading time":"5 minutes"},"schema":{"@context":"https:\/\/schema.org","@graph":[{"@type":"WebPage","@id":"https:\/\/rsabm.ca\/en\/","url":"https:\/\/rsabm.ca\/en\/","name":"Brome-Missisquoi Caregiver Support Group","isPartOf":{"@id":"https:\/\/rsabm.ca\/en\/#website"},"primaryImageOfPage":{"@id":"https:\/\/rsabm.ca\/en\/#primaryimage"},"image":{"@id":"https:\/\/rsabm.ca\/en\/#primaryimage"},"thumbnailUrl":"https:\/\/rsabm.ca\/wp-content\/uploads\/2021\/08\/MGCBM.jpg","datePublished":"2017-04-26T21:53:35+00:00","dateModified":"2026-04-15T12:39:58+00:00","description":"We are a not-for-profit organization that provides services to caregivers caring for a close adult with a temporary or permanent disability.","breadcrumb":{"@id":"https:\/\/rsabm.ca\/en\/#breadcrumb"},"inLanguage":"en-US","potentialAction":[{"@type":"ReadAction","target":["https:\/\/rsabm.ca\/en\/"]}]},{"@type":"ImageObject","inLanguage":"en-US","@id":"https:\/\/rsabm.ca\/en\/#primaryimage","url":"https:\/\/rsabm.ca\/wp-content\/uploads\/2021\/08\/MGCBM.jpg","contentUrl":"https:\/\/rsabm.ca\/wp-content\/uploads\/2021\/08\/MGCBM.jpg"},{"@type":"BreadcrumbList","@id":"https:\/\/rsabm.ca\/en\/#breadcrumb","itemListElement":[{"@type":"ListItem","position":1,"name":"Accueil","item":"https:\/\/rsabm.ca\/en\/"},{"@type":"ListItem","position":2,"name":"Homepage"}]},{"@type":"WebSite","@id":"https:\/\/rsabm.ca\/en\/#website","url":"https:\/\/rsabm.ca\/en\/","name":"Regroupement Soutien aux Aidants de Brome-Missisquoi","description":"Maison Gilles-Carles de Brome-Missisquoi","publisher":{"@id":"https:\/\/rsabm.ca\/en\/#organization"},"alternateName":"RSABM","potentialAction":[{"@type":"SearchAction","target":{"@type":"EntryPoint","urlTemplate":"https:\/\/rsabm.ca\/en\/?s={search_term_string}"},"query-input":{"@type":"PropertyValueSpecification","valueRequired":true,"valueName":"search_term_string"}}],"inLanguage":"en-US"},{"@type":"Organization","@id":"https:\/\/rsabm.ca\/en\/#organization","name":"Regroupement Soutien aux aidants de Brome-Missisquoi","url":"https:\/\/rsabm.ca\/en\/","logo":{"@type":"ImageObject","inLanguage":"en-US","@id":"https:\/\/rsabm.ca\/en\/#\/schema\/logo\/image\/","url":"https:\/\/rsabm.ca\/wp-content\/uploads\/2021\/01\/logo269X98px.png","contentUrl":"https:\/\/rsabm.ca\/wp-content\/uploads\/2021\/01\/logo269X98px.png","width":1047,"height":381,"caption":"Regroupement Soutien aux aidants de Brome-Missisquoi"},"image":{"@id":"https:\/\/rsabm.ca\/en\/#\/schema\/logo\/image\/"},"sameAs":["https:\/\/www.facebook.com\/MaisonGillesCarleBM"]}]}},"_links":{"self":[{"href":"https:\/\/rsabm.ca\/en\/wp-json\/wp\/v2\/pages\/181","targetHints":{"allow":["GET"]}}],"collection":[{"href":"https:\/\/rsabm.ca\/en\/wp-json\/wp\/v2\/pages"}],"about":[{"href":"https:\/\/rsabm.ca\/en\/wp-json\/wp\/v2\/types\/page"}],"author":[{"embeddable":true,"href":"https:\/\/rsabm.ca\/en\/wp-json\/wp\/v2\/users\/5"}],"replies":[{"embeddable":true,"href":"https:\/\/rsabm.ca\/en\/wp-json\/wp\/v2\/comments?post=181"}],"version-history":[{"count":49,"href":"https:\/\/rsabm.ca\/en\/wp-json\/wp\/v2\/pages\/181\/revisions"}],"predecessor-version":[{"id":2503,"href":"https:\/\/rsabm.ca\/en\/wp-json\/wp\/v2\/pages\/181\/revisions\/2503"}],"wp:attachment":[{"href":"https:\/\/rsabm.ca\/en\/wp-json\/wp\/v2\/media?parent=181"}],"curies":[{"name":"wp","href":"https:\/\/api.w.org\/{rel}","templated":true}]}}